{"id":6845,"date":"2025-01-08T15:47:03","date_gmt":"2025-01-08T14:47:03","guid":{"rendered":"https:\/\/arteo.home.pl\/www_arteo_pl_2025\/?page_id=6845"},"modified":"2025-02-13T11:01:06","modified_gmt":"2025-02-13T10:01:06","slug":"o-nas","status":"publish","type":"page","link":"http:\/\/arteo.pl\/index.php\/o-nas\/","title":{"rendered":"O NAS"},"content":{"rendered":"\t\t<div data-elementor-type=\"wp-page\" data-elementor-id=\"6845\" class=\"elementor elementor-6845\">\n\t\t\t\t\t\t<section class=\"elementor-section elementor-top-section elementor-element elementor-element-e890eda elementor-section-boxed elementor-section-height-default elementor-section-height-default\" data-id=\"e890eda\" data-element_type=\"section\" data-e-type=\"section\">\n\t\t\t\t\t\t<div class=\"elementor-container elementor-column-gap-default\">\n\t\t\t\t\t<div class=\"elementor-column elementor-col-100 elementor-top-column elementor-element elementor-element-06c0780\" data-id=\"06c0780\" data-element_type=\"column\" data-e-type=\"column\">\n\t\t\t<div class=\"elementor-widget-wrap elementor-element-populated\">\n\t\t\t\t\t\t<div class=\"elementor-element elementor-element-ce62264 elementor-invisible elementor-widget elementor-widget-moore_elementor_heading\" data-id=\"ce62264\" data-element_type=\"widget\" data-e-type=\"widget\" data-settings=\"{&quot;_animation&quot;:&quot;fadeInDown&quot;}\" data-widget_type=\"moore_elementor_heading.default\">\n\t\t\t\t<div class=\"elementor-widget-container\">\n\t\t\t\t\t         <div class=\"ova-heading\">\n\n\t\t\t<h2 class=\"title\">o nas<\/h2>\n\t\t \t\n\t    <\/div>\n\t\t \t\n\t\t\t\t\t\t<\/div>\n\t\t\t\t<\/div>\n\t\t\t\t\t<\/div>\n\t\t<\/div>\n\t\t\t\t\t<\/div>\n\t\t<\/section>\n\t\t\t\t<section class=\"elementor-section elementor-top-section elementor-element elementor-element-cd57f59 elementor-section-boxed elementor-section-height-default elementor-section-height-default\" data-id=\"cd57f59\" data-element_type=\"section\" data-e-type=\"section\">\n\t\t\t\t\t\t<div class=\"elementor-container elementor-column-gap-default\">\n\t\t\t\t\t<div class=\"elementor-column elementor-col-100 elementor-top-column elementor-element elementor-element-db51203\" data-id=\"db51203\" data-element_type=\"column\" data-e-type=\"column\">\n\t\t\t<div class=\"elementor-widget-wrap elementor-element-populated\">\n\t\t\t\t\t\t<div class=\"elementor-element elementor-element-8aa8ddd elementor-widget elementor-widget-text-editor\" data-id=\"8aa8ddd\" data-element_type=\"widget\" data-e-type=\"widget\" data-widget_type=\"text-editor.default\">\n\t\t\t\t<div class=\"elementor-widget-container\">\n\t\t\t\t\t\t\t\t\t<p style=\"text-align: center;\">Firma ARTEO istnieje od 1998 roku, specjalizuj\u0105c si\u0119 od samego pocz\u0105tku w projektowaniu i aran\u017cacji wn\u0119trz oraz wzornictwie przemys\u0142owym z pogranicza budownictwa i reklamy. Pe\u0142na konsolidacja zespo\u0142u nast\u0105pi\u0142a w latach 2000-2001, kiedy do zespo\u0142u do\u0142\u0105czyli projektanci 3D oraz zesp\u00f3\u0142 os\u00f3b posiadaj\u0105cych wiedz\u0119 i do\u015bwiadczenie z zakresu projektowania wn\u0119trz i doradztwa materia\u0142owego. Obecnie Arteo Design jest jedn\u0105 ze sp\u00f3\u0142ek grupy ARTEO.<\/p>\t\t\t\t\t\t\t\t<\/div>\n\t\t\t\t<\/div>\n\t\t\t\t\t<\/div>\n\t\t<\/div>\n\t\t\t\t\t<\/div>\n\t\t<\/section>\n\t\t\t\t<section class=\"elementor-section elementor-top-section elementor-element elementor-element-ae07998 elementor-section-boxed elementor-section-height-default elementor-section-height-default\" data-id=\"ae07998\" data-element_type=\"section\" data-e-type=\"section\">\n\t\t\t\t\t\t<div class=\"elementor-container elementor-column-gap-default\">\n\t\t\t\t\t<div class=\"elementor-column elementor-col-100 elementor-top-column elementor-element elementor-element-14914fb\" data-id=\"14914fb\" data-element_type=\"column\" data-e-type=\"column\">\n\t\t\t<div class=\"elementor-widget-wrap elementor-element-populated\">\n\t\t\t\t\t\t<div class=\"elementor-element elementor-element-d60ee2d elementor-widget__width-initial elementor-widget elementor-widget-moore_elementor_heading\" data-id=\"d60ee2d\" data-element_type=\"widget\" data-e-type=\"widget\" data-widget_type=\"moore_elementor_heading.default\">\n\t\t\t\t<div class=\"elementor-widget-container\">\n\t\t\t\t\t         <div class=\"ova-heading\">\n\n\t\t\t<h2 class=\"title\">Obszary projektowo - produkcyjne Arteo:<\/h2>\n\t\t \t\n\t    <\/div>\n\t\t \t\n\t\t\t\t\t\t<\/div>\n\t\t\t\t<\/div>\n\t\t\t\t\t<\/div>\n\t\t<\/div>\n\t\t\t\t\t<\/div>\n\t\t<\/section>\n\t\t\t\t<section class=\"elementor-section elementor-top-section elementor-element elementor-element-c3b1c70 elementor-section-boxed elementor-section-height-default elementor-section-height-default\" data-id=\"c3b1c70\" data-element_type=\"section\" data-e-type=\"section\">\n\t\t\t\t\t\t<div class=\"elementor-container elementor-column-gap-default\">\n\t\t\t\t\t<div class=\"elementor-column elementor-col-33 elementor-top-column elementor-element elementor-element-f120b5c\" data-id=\"f120b5c\" data-element_type=\"column\" data-e-type=\"column\">\n\t\t\t<div class=\"elementor-widget-wrap elementor-element-populated\">\n\t\t\t\t\t\t<div class=\"elementor-element elementor-element-8ffdaf7 elementor-widget elementor-widget-moore_elementor_box_feature2\" data-id=\"8ffdaf7\" data-element_type=\"widget\" data-e-type=\"widget\" data-widget_type=\"moore_elementor_box_feature2.default\">\n\t\t\t\t<div class=\"elementor-widget-container\">\n\t\t\t\t\t        \t\t\t<div class=\"ova-box-feature2\">\n\n\t\t\t\t<div class=\"img\">\n\t\t\t\t\t<img decoding=\"async\" src=\"https:\/\/arteo.home.pl\/www_arteo_pl_2025\/wp-content\/uploads\/2025\/02\/Oznakowanie-zewnetrzne.jpg\" class=\"box-feature2-img\" alt=\"Projektowanie i rozw\u00f3j:\">\n\n\t\t\t\t\t\n\t\t\t\t<\/div>\n              \n\t\t\t\t<div class=\"info\">\n\n\t\t\t\t\t\t\t\t\t\t\t<h2 class=\"title\">\n\t\t\t\t\t\t\t\tProjektowanie i rozw\u00f3j:\t\t\t\t\t\t<\/h2>\n\t\t\t\t\t                    \n\t\t\t\t\t\t\t\t\t\t\t<p  class=\"sub-title\">\n\t\t\t\t\t\t\tProjektowanie CAD, Wsparcie dzia\u0142u technologicznego.\t\t\t\t\t\t<\/p>\n\t\t\t\t\t\n\t\t\t\t<\/div>\n\n\t\t\t<\/div>\n\t\t  \t\n\t\t\t\t\t\t<\/div>\n\t\t\t\t<\/div>\n\t\t\t\t\t<\/div>\n\t\t<\/div>\n\t\t\t\t<div class=\"elementor-column elementor-col-33 elementor-top-column elementor-element elementor-element-7224fa1\" data-id=\"7224fa1\" data-element_type=\"column\" data-e-type=\"column\">\n\t\t\t<div class=\"elementor-widget-wrap elementor-element-populated\">\n\t\t\t\t\t\t<div class=\"elementor-element elementor-element-64cacb3 elementor-widget elementor-widget-moore_elementor_box_feature2\" data-id=\"64cacb3\" data-element_type=\"widget\" data-e-type=\"widget\" data-widget_type=\"moore_elementor_box_feature2.default\">\n\t\t\t\t<div class=\"elementor-widget-container\">\n\t\t\t\t\t        \t\t\t<div class=\"ova-box-feature2\">\n\n\t\t\t\t<div class=\"img\">\n\t\t\t\t\t<img decoding=\"async\" src=\"https:\/\/arteo.home.pl\/www_arteo_pl_2025\/wp-content\/uploads\/2025\/02\/obrobka_metali.jpg\" class=\"box-feature2-img\" alt=\"Obr\u00f3bka metali:\">\n\n\t\t\t\t\t\n\t\t\t\t<\/div>\n              \n\t\t\t\t<div class=\"info\">\n\n\t\t\t\t\t\t\t\t\t\t\t<h2 class=\"title\">\n\t\t\t\t\t\t\t\tObr\u00f3bka metali:\t\t\t\t\t\t<\/h2>\n\t\t\t\t\t                    \n\t\t\t\t\t\t\t\t\t\t\t<p  class=\"sub-title\">\n\t\t\t\t\t\t\tSzacunkowa wydajno\u015b\u0107 produkcji 199 ton rocznie. Ci\u0119cie (laserem Amada), spawanie, malowanie (proszkowo, natryskowo) i anodowanie. Wszystkie nasze maszyny s\u0105 systematycznie unowocze\u015bniane.\t\t\t\t\t\t<\/p>\n\t\t\t\t\t\n\t\t\t\t<\/div>\n\n\t\t\t<\/div>\n\t\t  \t\n\t\t\t\t\t\t<\/div>\n\t\t\t\t<\/div>\n\t\t\t\t\t<\/div>\n\t\t<\/div>\n\t\t\t\t<div class=\"elementor-column elementor-col-33 elementor-top-column elementor-element elementor-element-982a0d1\" data-id=\"982a0d1\" data-element_type=\"column\" data-e-type=\"column\">\n\t\t\t<div class=\"elementor-widget-wrap elementor-element-populated\">\n\t\t\t\t\t\t<div class=\"elementor-element elementor-element-d257f05 elementor-widget elementor-widget-moore_elementor_box_feature2\" data-id=\"d257f05\" data-element_type=\"widget\" data-e-type=\"widget\" data-widget_type=\"moore_elementor_box_feature2.default\">\n\t\t\t\t<div class=\"elementor-widget-container\">\n\t\t\t\t\t        \t\t\t<div class=\"ova-box-feature2\">\n\n\t\t\t\t<div class=\"img\">\n\t\t\t\t\t<img decoding=\"async\" src=\"https:\/\/arteo.home.pl\/www_arteo_pl_2025\/wp-content\/uploads\/2025\/02\/obrobka_tworyzw.jpg\" class=\"box-feature2-img\" alt=\"Obr\u00f3bka tworzyw sztucznych:\">\n\n\t\t\t\t\t\n\t\t\t\t<\/div>\n              \n\t\t\t\t<div class=\"info\">\n\n\t\t\t\t\t\t\t\t\t\t\t<h2 class=\"title\">\n\t\t\t\t\t\t\t\tObr\u00f3bka tworzyw sztucznych:\t\t\t\t\t\t<\/h2>\n\t\t\t\t\t                    \n\t\t\t\t\t\t\t\t\t\t\t<p  class=\"sub-title\">\n\t\t\t\t\t\t\tSzacunkowa wydajno\u015b\u0107 produkcji 236 ton rocznie. Frezowanie i ci\u0119cie CNC. Przygotowujemy modele i poddajemy procesowi termoformowania.\t\t\t\t\t\t<\/p>\n\t\t\t\t\t\n\t\t\t\t<\/div>\n\n\t\t\t<\/div>\n\t\t  \t\n\t\t\t\t\t\t<\/div>\n\t\t\t\t<\/div>\n\t\t\t\t\t<\/div>\n\t\t<\/div>\n\t\t\t\t\t<\/div>\n\t\t<\/section>\n\t\t\t\t<section class=\"elementor-section elementor-top-section elementor-element elementor-element-c0f28b2 elementor-section-boxed elementor-section-height-default elementor-section-height-default\" data-id=\"c0f28b2\" data-element_type=\"section\" data-e-type=\"section\">\n\t\t\t\t\t\t<div class=\"elementor-container elementor-column-gap-default\">\n\t\t\t\t\t<div class=\"elementor-column elementor-col-33 elementor-top-column elementor-element elementor-element-eb23163\" data-id=\"eb23163\" data-element_type=\"column\" data-e-type=\"column\">\n\t\t\t<div class=\"elementor-widget-wrap elementor-element-populated\">\n\t\t\t\t\t\t<div class=\"elementor-element elementor-element-5a5e587 elementor-widget elementor-widget-moore_elementor_box_feature2\" data-id=\"5a5e587\" data-element_type=\"widget\" data-e-type=\"widget\" data-widget_type=\"moore_elementor_box_feature2.default\">\n\t\t\t\t<div class=\"elementor-widget-container\">\n\t\t\t\t\t        \t\t\t<div class=\"ova-box-feature2\">\n\n\t\t\t\t<div class=\"img\">\n\t\t\t\t\t<img decoding=\"async\" src=\"https:\/\/arteo.home.pl\/www_arteo_pl_2025\/wp-content\/uploads\/2025\/02\/obrobka_drewno.jpg\" class=\"box-feature2-img\" alt=\"Obr\u00f3bka drewna:\">\n\n\t\t\t\t\t\n\t\t\t\t<\/div>\n              \n\t\t\t\t<div class=\"info\">\n\n\t\t\t\t\t\t\t\t\t\t\t<h2 class=\"title\">\n\t\t\t\t\t\t\t\tObr\u00f3bka drewna:\t\t\t\t\t\t<\/h2>\n\t\t\t\t\t                    \n\t\t\t\t\t\t\t\t\t\t\t<p  class=\"sub-title\">\n\t\t\t\t\t\t\tSzacunkowa wydajno\u015b\u0107 produkcji 120 ton rocznie. Ci\u0119cie, frezowanie (frezowanie numeryczne), klejenie, laminowanie, malowanie.\t\t\t\t\t\t<\/p>\n\t\t\t\t\t\n\t\t\t\t<\/div>\n\n\t\t\t<\/div>\n\t\t  \t\n\t\t\t\t\t\t<\/div>\n\t\t\t\t<\/div>\n\t\t\t\t\t<\/div>\n\t\t<\/div>\n\t\t\t\t<div class=\"elementor-column elementor-col-33 elementor-top-column elementor-element elementor-element-bf54d61\" data-id=\"bf54d61\" data-element_type=\"column\" data-e-type=\"column\">\n\t\t\t<div class=\"elementor-widget-wrap elementor-element-populated\">\n\t\t\t\t\t\t<div class=\"elementor-element elementor-element-9635118 elementor-widget elementor-widget-moore_elementor_box_feature2\" data-id=\"9635118\" data-element_type=\"widget\" data-e-type=\"widget\" data-widget_type=\"moore_elementor_box_feature2.default\">\n\t\t\t\t<div class=\"elementor-widget-container\">\n\t\t\t\t\t        \t\t\t<div class=\"ova-box-feature2\">\n\n\t\t\t\t<div class=\"img\">\n\t\t\t\t\t<img decoding=\"async\" src=\"https:\/\/arteo.home.pl\/www_arteo_pl_2025\/wp-content\/uploads\/2025\/02\/druk_solvent.jpg\" class=\"box-feature2-img\" alt=\"Druk:\">\n\n\t\t\t\t\t\n\t\t\t\t<\/div>\n              \n\t\t\t\t<div class=\"info\">\n\n\t\t\t\t\t\t\t\t\t\t\t<h2 class=\"title\">\n\t\t\t\t\t\t\t\tDruk:\t\t\t\t\t\t<\/h2>\n\t\t\t\t\t                    \n\t\t\t\t\t\t\t\t\t\t\t<p  class=\"sub-title\">\n\t\t\t\t\t\t\tSzacunkowa wydajno\u015b\u0107 produkcji 3.400m\u00b2 rocznie. Sitodruk, offset, solwent, UV.\t\t\t\t\t\t<\/p>\n\t\t\t\t\t\n\t\t\t\t<\/div>\n\n\t\t\t<\/div>\n\t\t  \t\n\t\t\t\t\t\t<\/div>\n\t\t\t\t<\/div>\n\t\t\t\t\t<\/div>\n\t\t<\/div>\n\t\t\t\t<div class=\"elementor-column elementor-col-33 elementor-top-column elementor-element elementor-element-e2c675c\" data-id=\"e2c675c\" data-element_type=\"column\" data-e-type=\"column\">\n\t\t\t<div class=\"elementor-widget-wrap elementor-element-populated\">\n\t\t\t\t\t\t<div class=\"elementor-element elementor-element-9113e3c elementor-widget elementor-widget-moore_elementor_box_feature2\" data-id=\"9113e3c\" data-element_type=\"widget\" data-e-type=\"widget\" data-widget_type=\"moore_elementor_box_feature2.default\">\n\t\t\t\t<div class=\"elementor-widget-container\">\n\t\t\t\t\t        \t\t\t<div class=\"ova-box-feature2\">\n\n\t\t\t\t<div class=\"img\">\n\t\t\t\t\t<img decoding=\"async\" src=\"https:\/\/arteo.home.pl\/www_arteo_pl_2025\/wp-content\/uploads\/2025\/02\/instalacje_elektryczne.jpg\" class=\"box-feature2-img\" alt=\"Instalacje elektryczne:\">\n\n\t\t\t\t\t\n\t\t\t\t<\/div>\n              \n\t\t\t\t<div class=\"info\">\n\n\t\t\t\t\t\t\t\t\t\t\t<h2 class=\"title\">\n\t\t\t\t\t\t\t\tInstalacje elektryczne:\t\t\t\t\t\t<\/h2>\n\t\t\t\t\t                    \n\t\t\t\t\t\t\t\t\t\t\t<p  class=\"sub-title\">\n\t\t\t\t\t\t\tSzacunkowa wydajno\u015b\u0107 produkcji 76 km rocznie. Neony, LED, monta\u017c modu\u0142\u00f3w elektronicznych.\t\t\t\t\t\t<\/p>\n\t\t\t\t\t\n\t\t\t\t<\/div>\n\n\t\t\t<\/div>\n\t\t  \t\n\t\t\t\t\t\t<\/div>\n\t\t\t\t<\/div>\n\t\t\t\t\t<\/div>\n\t\t<\/div>\n\t\t\t\t\t<\/div>\n\t\t<\/section>\n\t\t\t\t<section class=\"elementor-section elementor-top-section elementor-element elementor-element-662a970 elementor-section-boxed elementor-section-height-default elementor-section-height-default\" data-id=\"662a970\" data-element_type=\"section\" data-e-type=\"section\" data-settings=\"{&quot;background_background&quot;:&quot;classic&quot;}\">\n\t\t\t\t\t\t<div class=\"elementor-container elementor-column-gap-default\">\n\t\t\t\t\t<div class=\"elementor-column elementor-col-100 elementor-top-column elementor-element elementor-element-261521e\" data-id=\"261521e\" data-element_type=\"column\" data-e-type=\"column\">\n\t\t\t<div class=\"elementor-widget-wrap elementor-element-populated\">\n\t\t\t\t\t\t<div class=\"elementor-element elementor-element-d92646d elementor-widget__width-initial elementor-widget elementor-widget-moore_elementor_heading\" data-id=\"d92646d\" data-element_type=\"widget\" data-e-type=\"widget\" data-widget_type=\"moore_elementor_heading.default\">\n\t\t\t\t<div class=\"elementor-widget-container\">\n\t\t\t\t\t         <div class=\"ova-heading\">\n\n\t\t\t<h2 class=\"title\">SP\u00d3\u0141KI Z GRUPY<\/h2>\n\t\t \t\n\t    <\/div>\n\t\t \t\n\t\t\t\t\t\t<\/div>\n\t\t\t\t<\/div>\n\t\t\t\t\t<\/div>\n\t\t<\/div>\n\t\t\t\t\t<\/div>\n\t\t<\/section>\n\t\t\t\t<section class=\"elementor-section elementor-top-section elementor-element elementor-element-9233950 elementor-section-boxed elementor-section-height-default elementor-section-height-default\" data-id=\"9233950\" data-element_type=\"section\" data-e-type=\"section\">\n\t\t\t\t\t\t<div class=\"elementor-container elementor-column-gap-default\">\n\t\t\t\t\t<div class=\"elementor-column elementor-col-33 elementor-top-column elementor-element elementor-element-a4a2ca2\" data-id=\"a4a2ca2\" data-element_type=\"column\" data-e-type=\"column\">\n\t\t\t<div class=\"elementor-widget-wrap elementor-element-populated\">\n\t\t\t\t\t\t<div class=\"elementor-element elementor-element-fddcf81 elementor-widget elementor-widget-image\" data-id=\"fddcf81\" data-element_type=\"widget\" data-e-type=\"widget\" data-widget_type=\"image.default\">\n\t\t\t\t<div class=\"elementor-widget-container\">\n\t\t\t\t\t\t\t\t\t\t\t\t\t\t\t\t<a href=\"http:\/\/www.arteointeriors.pl\">\n\t\t\t\t\t\t\t<img decoding=\"async\" width=\"150\" height=\"150\" src=\"http:\/\/arteo.pl\/wp-content\/uploads\/2021\/10\/ARTEO_INTERIOR_logo_ok.jpg\" class=\"attachment-thumbnail size-thumbnail wp-image-6843\" alt=\"\" \/>\t\t\t\t\t\t\t\t<\/a>\n\t\t\t\t\t\t\t\t\t\t\t\t\t\t\t<\/div>\n\t\t\t\t<\/div>\n\t\t\t\t\t<\/div>\n\t\t<\/div>\n\t\t\t\t<div class=\"elementor-column elementor-col-33 elementor-top-column elementor-element elementor-element-491851c\" data-id=\"491851c\" data-element_type=\"column\" data-e-type=\"column\">\n\t\t\t<div class=\"elementor-widget-wrap elementor-element-populated\">\n\t\t\t\t\t\t<div class=\"elementor-element elementor-element-22652f8 elementor-widget elementor-widget-image\" data-id=\"22652f8\" data-element_type=\"widget\" data-e-type=\"widget\" data-widget_type=\"image.default\">\n\t\t\t\t<div class=\"elementor-widget-container\">\n\t\t\t\t\t\t\t\t\t\t\t\t\t\t\t\t<a href=\"https:\/\/arteodevelopment.pl\">\n\t\t\t\t\t\t\t<img decoding=\"async\" width=\"150\" height=\"150\" src=\"http:\/\/arteo.pl\/wp-content\/uploads\/2021\/10\/ARTEO_logo_D.jpg\" class=\"attachment-thumbnail size-thumbnail wp-image-6531\" alt=\"\" \/>\t\t\t\t\t\t\t\t<\/a>\n\t\t\t\t\t\t\t\t\t\t\t\t\t\t\t<\/div>\n\t\t\t\t<\/div>\n\t\t\t\t\t<\/div>\n\t\t<\/div>\n\t\t\t\t<div class=\"elementor-column elementor-col-33 elementor-top-column elementor-element elementor-element-f06d96f\" data-id=\"f06d96f\" data-element_type=\"column\" data-e-type=\"column\">\n\t\t\t<div class=\"elementor-widget-wrap elementor-element-populated\">\n\t\t\t\t\t\t<div class=\"elementor-element elementor-element-7b37122 elementor-widget elementor-widget-image\" data-id=\"7b37122\" data-element_type=\"widget\" data-e-type=\"widget\" data-widget_type=\"image.default\">\n\t\t\t\t<div class=\"elementor-widget-container\">\n\t\t\t\t\t\t\t\t\t\t\t\t\t\t\t\t<a href=\"https:\/\/arteomedservice.pl\/pl\/\">\n\t\t\t\t\t\t\t<img decoding=\"async\" width=\"150\" height=\"150\" src=\"http:\/\/arteo.pl\/wp-content\/uploads\/2021\/10\/MedService.jpg\" class=\"attachment-thumbnail size-thumbnail wp-image-6532\" alt=\"\" \/>\t\t\t\t\t\t\t\t<\/a>\n\t\t\t\t\t\t\t\t\t\t\t\t\t\t\t<\/div>\n\t\t\t\t<\/div>\n\t\t\t\t\t<\/div>\n\t\t<\/div>\n\t\t\t\t\t<\/div>\n\t\t<\/section>\n\t\t\t\t<\/div>\n\t\t","protected":false},"excerpt":{"rendered":"<p>o nas Firma ARTEO istnieje od 1998 roku, specjalizuj\u0105c si\u0119 od samego pocz\u0105tku w projektowaniu i aran\u017cacji wn\u0119trz oraz wzornictwie przemys\u0142owym z pogranicza budownictwa i reklamy. Pe\u0142na konsolidacja zespo\u0142u nast\u0105pi\u0142a w latach 2000-2001, kiedy do zespo\u0142u do\u0142\u0105czyli projektanci 3D oraz zesp\u00f3\u0142 os\u00f3b posiadaj\u0105cych wiedz\u0119 i do\u015bwiadczenie z zakresu projektowania wn\u0119trz i doradztwa materia\u0142owego. Obecnie Arteo [&hellip;]<\/p>\n","protected":false},"author":1,"featured_media":0,"parent":0,"menu_order":0,"comment_status":"closed","ping_status":"closed","template":"elementor_header_footer","meta":{"footnotes":""},"class_list":["post-6845","page","type-page","status-publish","hentry"],"_links":{"self":[{"href":"http:\/\/arteo.pl\/index.php\/wp-json\/wp\/v2\/pages\/6845","targetHints":{"allow":["GET"]}}],"collection":[{"href":"http:\/\/arteo.pl\/index.php\/wp-json\/wp\/v2\/pages"}],"about":[{"href":"http:\/\/arteo.pl\/index.php\/wp-json\/wp\/v2\/types\/page"}],"author":[{"embeddable":true,"href":"http:\/\/arteo.pl\/index.php\/wp-json\/wp\/v2\/users\/1"}],"replies":[{"embeddable":true,"href":"http:\/\/arteo.pl\/index.php\/wp-json\/wp\/v2\/comments?post=6845"}],"version-history":[{"count":111,"href":"http:\/\/arteo.pl\/index.php\/wp-json\/wp\/v2\/pages\/6845\/revisions"}],"predecessor-version":[{"id":7577,"href":"http:\/\/arteo.pl\/index.php\/wp-json\/wp\/v2\/pages\/6845\/revisions\/7577"}],"wp:attachment":[{"href":"http:\/\/arteo.pl\/index.php\/wp-json\/wp\/v2\/media?parent=6845"}],"curies":[{"name":"wp","href":"https:\/\/api.w.org\/{rel}","templated":true}]}}