{"id":6768,"date":"2024-12-27T15:40:48","date_gmt":"2024-12-27T14:40:48","guid":{"rendered":"https:\/\/arteo.home.pl\/www_arteo_pl_2025\/?page_id=6768"},"modified":"2025-02-13T12:13:14","modified_gmt":"2025-02-13T11:13:14","slug":"rodo","status":"publish","type":"page","link":"https:\/\/arteo.pl\/index.php\/rodo\/","title":{"rendered":"RODO"},"content":{"rendered":"\t\t<div data-elementor-type=\"wp-page\" data-elementor-id=\"6768\" class=\"elementor elementor-6768\">\n\t\t\t\t<div class=\"elementor-element elementor-element-5ca7917 e-flex e-con-boxed e-con e-parent\" data-id=\"5ca7917\" data-element_type=\"container\" data-e-type=\"container\">\n\t\t\t\t\t<div class=\"e-con-inner\">\n\t\t\t\t<div class=\"elementor-element elementor-element-c273313 elementor-invisible elementor-widget elementor-widget-moore_elementor_heading\" data-id=\"c273313\" data-element_type=\"widget\" data-e-type=\"widget\" data-settings=\"{&quot;_animation&quot;:&quot;fadeInDown&quot;}\" data-widget_type=\"moore_elementor_heading.default\">\n\t\t\t\t<div class=\"elementor-widget-container\">\n\t\t\t\t\t         <div class=\"ova-heading\">\n\n\t\t\t<h2 class=\"title\">RODO<\/h2>\n\t\t \t\n\t    <\/div>\n\t\t \t\n\t\t\t\t\t\t<\/div>\n\t\t\t\t<\/div>\n\t\t\t\t<div class=\"elementor-element elementor-element-cfd8446 elementor-widget elementor-widget-text-editor\" data-id=\"cfd8446\" data-element_type=\"widget\" data-e-type=\"widget\" data-widget_type=\"text-editor.default\">\n\t\t\t\t<div class=\"elementor-widget-container\">\n\t\t\t\t\t\t\t\t\t<p><strong>Informacja o posiadaniu i przechowywaniu danych osobowych<\/strong><\/p>\t\t\t\t\t\t\t\t<\/div>\n\t\t\t\t<\/div>\n\t\t\t\t<div class=\"elementor-element elementor-element-6b8ec76 elementor-widget elementor-widget-text-editor\" data-id=\"6b8ec76\" data-element_type=\"widget\" data-e-type=\"widget\" data-widget_type=\"text-editor.default\">\n\t\t\t\t<div class=\"elementor-widget-container\">\n\t\t\t\t\t\t\t\t\tSzanowni Pa\u0144stwo,\n\nw zwi\u0105zku z faktem, i\u017c rozpoczynamy w Polsce stosowa\u0107 Rozporz\u0105dzenie Parlamentu Europejskiego i Rady (UE) 2016\/679 z dnia 27 kwietnia 2016 r. w sprawie ochrony os\u00f3b fizycznych w zwi\u0105zku z przetwarzaniem danych osobowych i w sprawie swobodnego przep\u0142ywu takich danych oraz uchylenia dyrektywy 95\/46\/WE (og\u00f3lne rozporz\u0105dzenie o ochronie danych, zwane tak\u017ce RODO) informujemy, \u017ce:\n<ul>\n \t<li>administratorem Pani\/Pana danych osobowych, czyli podmiotem decyduj\u0105cym o celach i sposobach przetwarzania danych osobowych, jest Arteo Sp. z o.o Design sp. k. z siedzib\u0105 w Warszawie przy ulicy Palisadowa 20\/22 dalej: \u201eadministrator\u201d lub \u201eArteo\u201d)<\/li>\n \t<li>dane kontaktowe administratora: ul. Palisadowa 20\/22; 01-940 Warszawa, telefon 22 751 47 09; mail:\u00a0 rodo@arteo.pl<\/li>\n \t<li>podstaw\u0105 prawn\u0105 przetwarzania danych jest art. 6 ust. 1 lit. b i f RODO czyli w celu realizacji umowy\/wsp\u00f3\u0142pracy oraz w celu nawi\u0105zania wsp\u00f3\u0142pracy (lit. b) w ramach prawnie uzasadnionego interesu (lit. f),<\/li>\n \t<li>podanie danych jest dobrowolne, ale niezb\u0119dne do realizacji wsp\u00f3\u0142pracy. Odmowa ich podania skutkuje brakiem mo\u017cliwo\u015bci dalszej wsp\u00f3\u0142pracy<\/li>\n \t<li>dane nie b\u0119d\u0105 udost\u0119pniane innym podmiotom ni\u017c upowa\u017cnionym na podstawie przepis\u00f3w prawa<\/li>\n \t<li>przys\u0142uguje Pani\/Panu prawo dost\u0119pu do tre\u015bci swoich danych oraz ich poprawiania, sprostowania lub ograniczenia przetwarzania a tak\u017ce prawo do przenoszenia danych<\/li>\n \t<li>przys\u0142uguje Pani\/Panu prawo wniesienia \u017c\u0105dania zaprzestania przetwarzania danych lub sprzeciwu wobec przetwarzania danych jak r\u00f3wnie\u017c prawo wniesienia skargi do Prezesa Urz\u0119du Ochrony Danych Osobowych<\/li>\n<\/ul>\nInformujemy, \u017ce Arteo przetwarza Pa\u0144stwa dane osobowe w postaci imienia, nazwiska, adresu, adresu e-mail, numeru telefonu, NIP, REGON, numer rachunku bankowego i dane rejestrowe je\u015bli podano w celu prowadzenia komunikacji biznesowej, wystawienia faktury i spe\u0142nienia obowi\u0105zk\u00f3w prawno-podatkowych tj. przechowywanie dokumentacji ksi\u0119gowej.\n\nDane osobowe b\u0119d\u0105 przetwarzane przez ca\u0142y okres wsp\u00f3\u0142pracy oraz po jej ustaniu przez okres przedawnienia ewentualnych roszcze\u0144 tj. 3 lata oraz w odniesieniu do prawno-podatkowych obowi\u0105zk\u00f3w przez okres 6 lat.\n\nDane mog\u0105 by\u0107 udost\u0119pniane wy\u0142\u0105cznie upowa\u017cnionym pracownikom i wsp\u00f3\u0142pracownikom Arteo w celu realizacji Pa\u0144stwa zam\u00f3wie\u0144.\n\nO\u015bwiadczamy, \u017ce decyzje dotycz\u0105ce realizacji celu dla kt\u00f3rego dane s\u0105 przetwarzane nie b\u0119d\u0119 podejmowane w spos\u00f3b zautomatyzowany a dane osobowe nie b\u0119d\u0105 profilowane i nie b\u0119d\u0105 przekazywane do pa\u0144stwa trzeciego.\n\nPodkre\u015blamy, \u017ce ochrona Pa\u0144stwa prywatno\u015bci, w tym danych osobowych jest dla nas jednym z najwy\u017cszych priorytet\u00f3w.\n\nZ powa\u017caniem\n\nZarz\u0105d Arteo\t\t\t\t\t\t\t\t<\/div>\n\t\t\t\t<\/div>\n\t\t\t\t\t<\/div>\n\t\t\t\t<\/div>\n\t\t\t\t<\/div>\n\t\t","protected":false},"excerpt":{"rendered":"<p>RODO Informacja o posiadaniu i przechowywaniu danych osobowych Szanowni Pa\u0144stwo, w zwi\u0105zku z faktem, i\u017c rozpoczynamy w Polsce stosowa\u0107 Rozporz\u0105dzenie Parlamentu Europejskiego i Rady (UE) 2016\/679 z dnia 27 kwietnia 2016 r. w sprawie ochrony os\u00f3b fizycznych w zwi\u0105zku z przetwarzaniem danych osobowych i w sprawie swobodnego przep\u0142ywu takich danych oraz uchylenia dyrektywy 95\/46\/WE (og\u00f3lne [&hellip;]<\/p>\n","protected":false},"author":1,"featured_media":0,"parent":0,"menu_order":0,"comment_status":"closed","ping_status":"closed","template":"elementor_header_footer","meta":{"footnotes":""},"class_list":["post-6768","page","type-page","status-publish","hentry"],"_links":{"self":[{"href":"https:\/\/arteo.pl\/index.php\/wp-json\/wp\/v2\/pages\/6768","targetHints":{"allow":["GET"]}}],"collection":[{"href":"https:\/\/arteo.pl\/index.php\/wp-json\/wp\/v2\/pages"}],"about":[{"href":"https:\/\/arteo.pl\/index.php\/wp-json\/wp\/v2\/types\/page"}],"author":[{"embeddable":true,"href":"https:\/\/arteo.pl\/index.php\/wp-json\/wp\/v2\/users\/1"}],"replies":[{"embeddable":true,"href":"https:\/\/arteo.pl\/index.php\/wp-json\/wp\/v2\/comments?post=6768"}],"version-history":[{"count":32,"href":"https:\/\/arteo.pl\/index.php\/wp-json\/wp\/v2\/pages\/6768\/revisions"}],"predecessor-version":[{"id":7708,"href":"https:\/\/arteo.pl\/index.php\/wp-json\/wp\/v2\/pages\/6768\/revisions\/7708"}],"wp:attachment":[{"href":"https:\/\/arteo.pl\/index.php\/wp-json\/wp\/v2\/media?parent=6768"}],"curies":[{"name":"wp","href":"https:\/\/api.w.org\/{rel}","templated":true}]}}