{"id":7631,"date":"2025-02-13T11:01:13","date_gmt":"2025-02-13T10:01:13","guid":{"rendered":"https:\/\/arteo.pl\/?page_id=7631"},"modified":"2025-02-13T12:14:59","modified_gmt":"2025-02-13T11:14:59","slug":"o-nas-2","status":"publish","type":"page","link":"https:\/\/arteo.pl\/index.php\/de\/o-nas-2\/","title":{"rendered":"O NAS DE"},"content":{"rendered":"\t\t<div data-elementor-type=\"wp-page\" data-elementor-id=\"7631\" class=\"elementor elementor-7631\">\n\t\t\t\t\t\t<section class=\"elementor-section elementor-top-section elementor-element elementor-element-e890eda elementor-section-boxed elementor-section-height-default elementor-section-height-default\" data-id=\"e890eda\" data-element_type=\"section\" data-e-type=\"section\">\n\t\t\t\t\t\t<div class=\"elementor-container elementor-column-gap-default\">\n\t\t\t\t\t<div class=\"elementor-column elementor-col-100 elementor-top-column elementor-element elementor-element-06c0780\" data-id=\"06c0780\" data-element_type=\"column\" data-e-type=\"column\">\n\t\t\t<div class=\"elementor-widget-wrap elementor-element-populated\">\n\t\t\t\t\t\t<div class=\"elementor-element elementor-element-ce62264 elementor-invisible elementor-widget elementor-widget-moore_elementor_heading\" data-id=\"ce62264\" data-element_type=\"widget\" data-e-type=\"widget\" data-settings=\"{&quot;_animation&quot;:&quot;fadeInDown&quot;}\" data-widget_type=\"moore_elementor_heading.default\">\n\t\t\t\t<div class=\"elementor-widget-container\">\n\t\t\t\t\t         <div class=\"ova-heading\">\n\n\t\t\t<h2 class=\"title\">\u00dcber uns<\/h2>\n\t\t \t\n\t    <\/div>\n\t\t \t\n\t\t\t\t\t\t<\/div>\n\t\t\t\t<\/div>\n\t\t\t\t\t<\/div>\n\t\t<\/div>\n\t\t\t\t\t<\/div>\n\t\t<\/section>\n\t\t\t\t<section class=\"elementor-section elementor-top-section elementor-element elementor-element-cd57f59 elementor-section-boxed elementor-section-height-default elementor-section-height-default\" data-id=\"cd57f59\" data-element_type=\"section\" data-e-type=\"section\">\n\t\t\t\t\t\t<div class=\"elementor-container elementor-column-gap-default\">\n\t\t\t\t\t<div class=\"elementor-column elementor-col-100 elementor-top-column elementor-element elementor-element-db51203\" data-id=\"db51203\" data-element_type=\"column\" data-e-type=\"column\">\n\t\t\t<div class=\"elementor-widget-wrap elementor-element-populated\">\n\t\t\t\t\t\t<div class=\"elementor-element elementor-element-8aa8ddd elementor-widget elementor-widget-text-editor\" data-id=\"8aa8ddd\" data-element_type=\"widget\" data-e-type=\"widget\" data-widget_type=\"text-editor.default\">\n\t\t\t\t<div class=\"elementor-widget-container\">\n\t\t\t\t\t\t\t\t\t<p>Die Firma ARTEO wurde im Jahre 1998 gegr\u00fcndet und ist von Anfang an auf Planung, Umgestaltung der Innenr\u00e4ume sowie industrielles Design an der Schnittstelle zwischen Bauwesen und Werbung spezialisiert. Die vollst\u00e4ndige Konsolidierung des Teams fand in den Jahren 2000-2001 statt, als 3D-Designer und ein Team von Fachleuten mit Wissen und Erfahrung in Innenarchitektur und Materialberatung hinzukamen. Heute ist Arteo Design eines der Unternehmen der ARTEO-Gruppe.<\/p>\t\t\t\t\t\t\t\t<\/div>\n\t\t\t\t<\/div>\n\t\t\t\t\t<\/div>\n\t\t<\/div>\n\t\t\t\t\t<\/div>\n\t\t<\/section>\n\t\t\t\t<section class=\"elementor-section elementor-top-section elementor-element elementor-element-ae07998 elementor-section-boxed elementor-section-height-default elementor-section-height-default\" data-id=\"ae07998\" data-element_type=\"section\" data-e-type=\"section\">\n\t\t\t\t\t\t<div class=\"elementor-container elementor-column-gap-default\">\n\t\t\t\t\t<div class=\"elementor-column elementor-col-100 elementor-top-column elementor-element elementor-element-14914fb\" data-id=\"14914fb\" data-element_type=\"column\" data-e-type=\"column\">\n\t\t\t<div class=\"elementor-widget-wrap elementor-element-populated\">\n\t\t\t\t\t\t<div class=\"elementor-element elementor-element-d60ee2d elementor-widget__width-initial elementor-widget elementor-widget-moore_elementor_heading\" data-id=\"d60ee2d\" data-element_type=\"widget\" data-e-type=\"widget\" data-widget_type=\"moore_elementor_heading.default\">\n\t\t\t\t<div class=\"elementor-widget-container\">\n\t\t\t\t\t         <div class=\"ova-heading\">\n\n\t\t\t<h2 class=\"title\">Planungs- und Produktionsbereiche von Arteo:<\/h2>\n\t\t \t\n\t    <\/div>\n\t\t \t\n\t\t\t\t\t\t<\/div>\n\t\t\t\t<\/div>\n\t\t\t\t\t<\/div>\n\t\t<\/div>\n\t\t\t\t\t<\/div>\n\t\t<\/section>\n\t\t\t\t<section class=\"elementor-section elementor-top-section elementor-element elementor-element-c3b1c70 elementor-section-boxed elementor-section-height-default elementor-section-height-default\" data-id=\"c3b1c70\" data-element_type=\"section\" data-e-type=\"section\">\n\t\t\t\t\t\t<div class=\"elementor-container elementor-column-gap-default\">\n\t\t\t\t\t<div class=\"elementor-column elementor-col-33 elementor-top-column elementor-element elementor-element-f120b5c\" data-id=\"f120b5c\" data-element_type=\"column\" data-e-type=\"column\">\n\t\t\t<div class=\"elementor-widget-wrap elementor-element-populated\">\n\t\t\t\t\t\t<div class=\"elementor-element elementor-element-8ffdaf7 elementor-widget elementor-widget-moore_elementor_box_feature2\" data-id=\"8ffdaf7\" data-element_type=\"widget\" data-e-type=\"widget\" data-widget_type=\"moore_elementor_box_feature2.default\">\n\t\t\t\t<div class=\"elementor-widget-container\">\n\t\t\t\t\t        \t\t\t<div class=\"ova-box-feature2\">\n\n\t\t\t\t<div class=\"img\">\n\t\t\t\t\t<img decoding=\"async\" src=\"https:\/\/arteo.home.pl\/www_arteo_pl_2025\/wp-content\/uploads\/2025\/02\/Oznakowanie-zewnetrzne.jpg\" class=\"box-feature2-img\" alt=\"Planung und Entwicklung:\">\n\n\t\t\t\t\t\n\t\t\t\t<\/div>\n              \n\t\t\t\t<div class=\"info\">\n\n\t\t\t\t\t\t\t\t\t\t\t<h2 class=\"title\">\n\t\t\t\t\t\t\t\tPlanung und Entwicklung:\t\t\t\t\t\t<\/h2>\n\t\t\t\t\t                    \n\t\t\t\t\t\t\t\t\t\t\t<p  class=\"sub-title\">\n\t\t\t\t\t\t\tCAD-Modellierung, Unterst\u00fctzung der technologischen Abteilung.\t\t\t\t\t\t<\/p>\n\t\t\t\t\t\n\t\t\t\t<\/div>\n\n\t\t\t<\/div>\n\t\t  \t\n\t\t\t\t\t\t<\/div>\n\t\t\t\t<\/div>\n\t\t\t\t\t<\/div>\n\t\t<\/div>\n\t\t\t\t<div class=\"elementor-column elementor-col-33 elementor-top-column elementor-element elementor-element-7224fa1\" data-id=\"7224fa1\" data-element_type=\"column\" data-e-type=\"column\">\n\t\t\t<div class=\"elementor-widget-wrap elementor-element-populated\">\n\t\t\t\t\t\t<div class=\"elementor-element elementor-element-64cacb3 elementor-widget elementor-widget-moore_elementor_box_feature2\" data-id=\"64cacb3\" data-element_type=\"widget\" data-e-type=\"widget\" data-widget_type=\"moore_elementor_box_feature2.default\">\n\t\t\t\t<div class=\"elementor-widget-container\">\n\t\t\t\t\t        \t\t\t<div class=\"ova-box-feature2\">\n\n\t\t\t\t<div class=\"img\">\n\t\t\t\t\t<img decoding=\"async\" src=\"https:\/\/arteo.home.pl\/www_arteo_pl_2025\/wp-content\/uploads\/2025\/02\/obrobka_metali.jpg\" class=\"box-feature2-img\" alt=\"Metallbearbeitung:\">\n\n\t\t\t\t\t\n\t\t\t\t<\/div>\n              \n\t\t\t\t<div class=\"info\">\n\n\t\t\t\t\t\t\t\t\t\t\t<h2 class=\"title\">\n\t\t\t\t\t\t\t\tMetallbearbeitung:\t\t\t\t\t\t<\/h2>\n\t\t\t\t\t                    \n\t\t\t\t\t\t\t\t\t\t\t<p  class=\"sub-title\">\n\t\t\t\t\t\t\tDie gesch\u00e4tzte Produktionskapazit\u00e4t betr\u00e4gt 199 Tonnen pro Jahr. Schneiden (mit Amada-Laser), Schwei\u00dfen, Lackieren (Pulverbeschichtung, Spr\u00fchbeschichtung) und Eloxieren. Alle unsere Maschinen werden systematisch modernisiert.\t\t\t\t\t\t<\/p>\n\t\t\t\t\t\n\t\t\t\t<\/div>\n\n\t\t\t<\/div>\n\t\t  \t\n\t\t\t\t\t\t<\/div>\n\t\t\t\t<\/div>\n\t\t\t\t\t<\/div>\n\t\t<\/div>\n\t\t\t\t<div class=\"elementor-column elementor-col-33 elementor-top-column elementor-element elementor-element-982a0d1\" data-id=\"982a0d1\" data-element_type=\"column\" data-e-type=\"column\">\n\t\t\t<div class=\"elementor-widget-wrap elementor-element-populated\">\n\t\t\t\t\t\t<div class=\"elementor-element elementor-element-d257f05 elementor-widget elementor-widget-moore_elementor_box_feature2\" data-id=\"d257f05\" data-element_type=\"widget\" data-e-type=\"widget\" data-widget_type=\"moore_elementor_box_feature2.default\">\n\t\t\t\t<div class=\"elementor-widget-container\">\n\t\t\t\t\t        \t\t\t<div class=\"ova-box-feature2\">\n\n\t\t\t\t<div class=\"img\">\n\t\t\t\t\t<img decoding=\"async\" src=\"https:\/\/arteo.home.pl\/www_arteo_pl_2025\/wp-content\/uploads\/2025\/02\/obrobka_tworyzw.jpg\" class=\"box-feature2-img\" alt=\"Kunststoffbearbeitung:\">\n\n\t\t\t\t\t\n\t\t\t\t<\/div>\n              \n\t\t\t\t<div class=\"info\">\n\n\t\t\t\t\t\t\t\t\t\t\t<h2 class=\"title\">\n\t\t\t\t\t\t\t\tKunststoffbearbeitung:\t\t\t\t\t\t<\/h2>\n\t\t\t\t\t                    \n\t\t\t\t\t\t\t\t\t\t\t<p  class=\"sub-title\">\n\t\t\t\t\t\t\tGesch\u00e4tzte Produktionskapazit\u00e4t betr\u00e4gt 236 Tonnen pro Jahr. CNC-Fr\u00e4sen und -Schneiden. Wir bereiten Modelle vor und unterziehen sie dem Thermoformungsprozess.\t\t\t\t\t\t<\/p>\n\t\t\t\t\t\n\t\t\t\t<\/div>\n\n\t\t\t<\/div>\n\t\t  \t\n\t\t\t\t\t\t<\/div>\n\t\t\t\t<\/div>\n\t\t\t\t\t<\/div>\n\t\t<\/div>\n\t\t\t\t\t<\/div>\n\t\t<\/section>\n\t\t\t\t<section class=\"elementor-section elementor-top-section elementor-element elementor-element-c0f28b2 elementor-section-boxed elementor-section-height-default elementor-section-height-default\" data-id=\"c0f28b2\" data-element_type=\"section\" data-e-type=\"section\">\n\t\t\t\t\t\t<div class=\"elementor-container elementor-column-gap-default\">\n\t\t\t\t\t<div class=\"elementor-column elementor-col-33 elementor-top-column elementor-element elementor-element-eb23163\" data-id=\"eb23163\" data-element_type=\"column\" data-e-type=\"column\">\n\t\t\t<div class=\"elementor-widget-wrap elementor-element-populated\">\n\t\t\t\t\t\t<div class=\"elementor-element elementor-element-5a5e587 elementor-widget elementor-widget-moore_elementor_box_feature2\" data-id=\"5a5e587\" data-element_type=\"widget\" data-e-type=\"widget\" data-widget_type=\"moore_elementor_box_feature2.default\">\n\t\t\t\t<div class=\"elementor-widget-container\">\n\t\t\t\t\t        \t\t\t<div class=\"ova-box-feature2\">\n\n\t\t\t\t<div class=\"img\">\n\t\t\t\t\t<img decoding=\"async\" src=\"https:\/\/arteo.home.pl\/www_arteo_pl_2025\/wp-content\/uploads\/2025\/02\/obrobka_drewno.jpg\" class=\"box-feature2-img\" alt=\"Holzbearbeitung:\">\n\n\t\t\t\t\t\n\t\t\t\t<\/div>\n              \n\t\t\t\t<div class=\"info\">\n\n\t\t\t\t\t\t\t\t\t\t\t<h2 class=\"title\">\n\t\t\t\t\t\t\t\tHolzbearbeitung:\t\t\t\t\t\t<\/h2>\n\t\t\t\t\t                    \n\t\t\t\t\t\t\t\t\t\t\t<p  class=\"sub-title\">\n\t\t\t\t\t\t\tGesch\u00e4tzte Produktionskapazit\u00e4t betr\u00e4gt 120 Tonnen pro Jahr. Schneiden, Fr\u00e4sen (CNC-Fr\u00e4sen), Kleben, Laminieren, Lackieren.\t\t\t\t\t\t<\/p>\n\t\t\t\t\t\n\t\t\t\t<\/div>\n\n\t\t\t<\/div>\n\t\t  \t\n\t\t\t\t\t\t<\/div>\n\t\t\t\t<\/div>\n\t\t\t\t\t<\/div>\n\t\t<\/div>\n\t\t\t\t<div class=\"elementor-column elementor-col-33 elementor-top-column elementor-element elementor-element-bf54d61\" data-id=\"bf54d61\" data-element_type=\"column\" data-e-type=\"column\">\n\t\t\t<div class=\"elementor-widget-wrap elementor-element-populated\">\n\t\t\t\t\t\t<div class=\"elementor-element elementor-element-9635118 elementor-widget elementor-widget-moore_elementor_box_feature2\" data-id=\"9635118\" data-element_type=\"widget\" data-e-type=\"widget\" data-widget_type=\"moore_elementor_box_feature2.default\">\n\t\t\t\t<div class=\"elementor-widget-container\">\n\t\t\t\t\t        \t\t\t<div class=\"ova-box-feature2\">\n\n\t\t\t\t<div class=\"img\">\n\t\t\t\t\t<img decoding=\"async\" src=\"https:\/\/arteo.home.pl\/www_arteo_pl_2025\/wp-content\/uploads\/2025\/02\/druk_solvent.jpg\" class=\"box-feature2-img\" alt=\"Druck:\">\n\n\t\t\t\t\t\n\t\t\t\t<\/div>\n              \n\t\t\t\t<div class=\"info\">\n\n\t\t\t\t\t\t\t\t\t\t\t<h2 class=\"title\">\n\t\t\t\t\t\t\t\tDruck:\t\t\t\t\t\t<\/h2>\n\t\t\t\t\t                    \n\t\t\t\t\t\t\t\t\t\t\t<p  class=\"sub-title\">\n\t\t\t\t\t\t\tGesch\u00e4tzte Produktionskapazit\u00e4t betr\u00e4gt 3.400m\u00b2 pro Jahr. Siebdruck, Offsetdruck, Solventdruck, UV.\t\t\t\t\t\t<\/p>\n\t\t\t\t\t\n\t\t\t\t<\/div>\n\n\t\t\t<\/div>\n\t\t  \t\n\t\t\t\t\t\t<\/div>\n\t\t\t\t<\/div>\n\t\t\t\t\t<\/div>\n\t\t<\/div>\n\t\t\t\t<div class=\"elementor-column elementor-col-33 elementor-top-column elementor-element elementor-element-e2c675c\" data-id=\"e2c675c\" data-element_type=\"column\" data-e-type=\"column\">\n\t\t\t<div class=\"elementor-widget-wrap elementor-element-populated\">\n\t\t\t\t\t\t<div class=\"elementor-element elementor-element-9113e3c elementor-widget elementor-widget-moore_elementor_box_feature2\" data-id=\"9113e3c\" data-element_type=\"widget\" data-e-type=\"widget\" data-widget_type=\"moore_elementor_box_feature2.default\">\n\t\t\t\t<div class=\"elementor-widget-container\">\n\t\t\t\t\t        \t\t\t<div class=\"ova-box-feature2\">\n\n\t\t\t\t<div class=\"img\">\n\t\t\t\t\t<img decoding=\"async\" src=\"https:\/\/arteo.home.pl\/www_arteo_pl_2025\/wp-content\/uploads\/2025\/02\/instalacje_elektryczne.jpg\" class=\"box-feature2-img\" alt=\"Elektroanlagen:\">\n\n\t\t\t\t\t\n\t\t\t\t<\/div>\n              \n\t\t\t\t<div class=\"info\">\n\n\t\t\t\t\t\t\t\t\t\t\t<h2 class=\"title\">\n\t\t\t\t\t\t\t\tElektroanlagen:\t\t\t\t\t\t<\/h2>\n\t\t\t\t\t                    \n\t\t\t\t\t\t\t\t\t\t\t<p  class=\"sub-title\">\n\t\t\t\t\t\t\tGesch\u00e4tzte Produktionskapazit\u00e4t betr\u00e4gt 76 km pro Jahr. Neonleuchten, LED-Beleuchtung, Montage von Elektronikmodulen. \t\t\t\t\t\t<\/p>\n\t\t\t\t\t\n\t\t\t\t<\/div>\n\n\t\t\t<\/div>\n\t\t  \t\n\t\t\t\t\t\t<\/div>\n\t\t\t\t<\/div>\n\t\t\t\t\t<\/div>\n\t\t<\/div>\n\t\t\t\t\t<\/div>\n\t\t<\/section>\n\t\t\t\t<section class=\"elementor-section elementor-top-section elementor-element elementor-element-662a970 elementor-section-boxed elementor-section-height-default elementor-section-height-default\" data-id=\"662a970\" data-element_type=\"section\" data-e-type=\"section\" data-settings=\"{&quot;background_background&quot;:&quot;classic&quot;}\">\n\t\t\t\t\t\t<div class=\"elementor-container elementor-column-gap-default\">\n\t\t\t\t\t<div class=\"elementor-column elementor-col-100 elementor-top-column elementor-element elementor-element-261521e\" data-id=\"261521e\" data-element_type=\"column\" data-e-type=\"column\">\n\t\t\t<div class=\"elementor-widget-wrap elementor-element-populated\">\n\t\t\t\t\t\t<div class=\"elementor-element elementor-element-d92646d elementor-widget__width-initial elementor-widget elementor-widget-moore_elementor_heading\" data-id=\"d92646d\" data-element_type=\"widget\" data-e-type=\"widget\" data-widget_type=\"moore_elementor_heading.default\">\n\t\t\t\t<div class=\"elementor-widget-container\">\n\t\t\t\t\t         <div class=\"ova-heading\">\n\n\t\t\t<h2 class=\"title\">UNTERNEHMEN DER GRUPPE<\/h2>\n\t\t \t\n\t    <\/div>\n\t\t \t\n\t\t\t\t\t\t<\/div>\n\t\t\t\t<\/div>\n\t\t\t\t\t<\/div>\n\t\t<\/div>\n\t\t\t\t\t<\/div>\n\t\t<\/section>\n\t\t\t\t<section class=\"elementor-section elementor-top-section elementor-element elementor-element-9233950 elementor-section-boxed elementor-section-height-default elementor-section-height-default\" data-id=\"9233950\" data-element_type=\"section\" data-e-type=\"section\">\n\t\t\t\t\t\t<div class=\"elementor-container elementor-column-gap-default\">\n\t\t\t\t\t<div class=\"elementor-column elementor-col-33 elementor-top-column elementor-element elementor-element-a4a2ca2\" data-id=\"a4a2ca2\" data-element_type=\"column\" data-e-type=\"column\">\n\t\t\t<div class=\"elementor-widget-wrap elementor-element-populated\">\n\t\t\t\t\t\t<div class=\"elementor-element elementor-element-fddcf81 elementor-widget elementor-widget-image\" data-id=\"fddcf81\" data-element_type=\"widget\" data-e-type=\"widget\" data-widget_type=\"image.default\">\n\t\t\t\t<div class=\"elementor-widget-container\">\n\t\t\t\t\t\t\t\t\t\t\t\t\t\t\t\t<a href=\"http:\/\/www.arteointeriors.pl\">\n\t\t\t\t\t\t\t<img decoding=\"async\" width=\"150\" height=\"150\" src=\"https:\/\/arteo.pl\/wp-content\/uploads\/2021\/10\/ARTEO_INTERIOR_logo_ok.jpg\" class=\"attachment-thumbnail size-thumbnail wp-image-6843\" alt=\"\" \/>\t\t\t\t\t\t\t\t<\/a>\n\t\t\t\t\t\t\t\t\t\t\t\t\t\t\t<\/div>\n\t\t\t\t<\/div>\n\t\t\t\t\t<\/div>\n\t\t<\/div>\n\t\t\t\t<div class=\"elementor-column elementor-col-33 elementor-top-column elementor-element elementor-element-491851c\" data-id=\"491851c\" data-element_type=\"column\" data-e-type=\"column\">\n\t\t\t<div class=\"elementor-widget-wrap elementor-element-populated\">\n\t\t\t\t\t\t<div class=\"elementor-element elementor-element-22652f8 elementor-widget elementor-widget-image\" data-id=\"22652f8\" data-element_type=\"widget\" data-e-type=\"widget\" data-widget_type=\"image.default\">\n\t\t\t\t<div class=\"elementor-widget-container\">\n\t\t\t\t\t\t\t\t\t\t\t\t\t\t\t\t<a href=\"https:\/\/arteodevelopment.pl\">\n\t\t\t\t\t\t\t<img decoding=\"async\" width=\"150\" height=\"150\" src=\"https:\/\/arteo.pl\/wp-content\/uploads\/2021\/10\/ARTEO_logo_D.jpg\" class=\"attachment-thumbnail size-thumbnail wp-image-6531\" alt=\"\" \/>\t\t\t\t\t\t\t\t<\/a>\n\t\t\t\t\t\t\t\t\t\t\t\t\t\t\t<\/div>\n\t\t\t\t<\/div>\n\t\t\t\t\t<\/div>\n\t\t<\/div>\n\t\t\t\t<div class=\"elementor-column elementor-col-33 elementor-top-column elementor-element elementor-element-f06d96f\" data-id=\"f06d96f\" data-element_type=\"column\" data-e-type=\"column\">\n\t\t\t<div class=\"elementor-widget-wrap elementor-element-populated\">\n\t\t\t\t\t\t<div class=\"elementor-element elementor-element-7b37122 elementor-widget elementor-widget-image\" data-id=\"7b37122\" data-element_type=\"widget\" data-e-type=\"widget\" data-widget_type=\"image.default\">\n\t\t\t\t<div class=\"elementor-widget-container\">\n\t\t\t\t\t\t\t\t\t\t\t\t\t\t\t\t<a href=\"https:\/\/arteomedservice.pl\/pl\/\">\n\t\t\t\t\t\t\t<img decoding=\"async\" width=\"150\" height=\"150\" src=\"https:\/\/arteo.pl\/wp-content\/uploads\/2021\/10\/MedService.jpg\" class=\"attachment-thumbnail size-thumbnail wp-image-6532\" alt=\"\" \/>\t\t\t\t\t\t\t\t<\/a>\n\t\t\t\t\t\t\t\t\t\t\t\t\t\t\t<\/div>\n\t\t\t\t<\/div>\n\t\t\t\t\t<\/div>\n\t\t<\/div>\n\t\t\t\t\t<\/div>\n\t\t<\/section>\n\t\t\t\t<\/div>\n\t\t","protected":false},"excerpt":{"rendered":"<p>\u00dcber uns Die Firma ARTEO wurde im Jahre 1998 gegr\u00fcndet und ist von Anfang an auf Planung, Umgestaltung der Innenr\u00e4ume sowie industrielles Design an der Schnittstelle zwischen Bauwesen und Werbung spezialisiert. Die vollst\u00e4ndige Konsolidierung des Teams fand in den Jahren 2000-2001 statt, als 3D-Designer und ein Team von Fachleuten mit Wissen und Erfahrung in Innenarchitektur [&hellip;]<\/p>\n","protected":false},"author":1,"featured_media":0,"parent":0,"menu_order":0,"comment_status":"closed","ping_status":"closed","template":"elementor_header_footer","meta":{"footnotes":""},"class_list":["post-7631","page","type-page","status-publish","hentry"],"_links":{"self":[{"href":"https:\/\/arteo.pl\/index.php\/wp-json\/wp\/v2\/pages\/7631","targetHints":{"allow":["GET"]}}],"collection":[{"href":"https:\/\/arteo.pl\/index.php\/wp-json\/wp\/v2\/pages"}],"about":[{"href":"https:\/\/arteo.pl\/index.php\/wp-json\/wp\/v2\/types\/page"}],"author":[{"embeddable":true,"href":"https:\/\/arteo.pl\/index.php\/wp-json\/wp\/v2\/users\/1"}],"replies":[{"embeddable":true,"href":"https:\/\/arteo.pl\/index.php\/wp-json\/wp\/v2\/comments?post=7631"}],"version-history":[{"count":5,"href":"https:\/\/arteo.pl\/index.php\/wp-json\/wp\/v2\/pages\/7631\/revisions"}],"predecessor-version":[{"id":7675,"href":"https:\/\/arteo.pl\/index.php\/wp-json\/wp\/v2\/pages\/7631\/revisions\/7675"}],"wp:attachment":[{"href":"https:\/\/arteo.pl\/index.php\/wp-json\/wp\/v2\/media?parent=7631"}],"curies":[{"name":"wp","href":"https:\/\/api.w.org\/{rel}","templated":true}]}}