{"id":7643,"date":"2025-02-13T11:15:33","date_gmt":"2025-02-13T10:15:33","guid":{"rendered":"https:\/\/arteo.pl\/?page_id=7643"},"modified":"2025-02-13T13:07:33","modified_gmt":"2025-02-13T12:07:33","slug":"rodo-2","status":"publish","type":"page","link":"https:\/\/arteo.pl\/index.php\/de\/rodo-2\/","title":{"rendered":"RODO DE"},"content":{"rendered":"\t\t<div data-elementor-type=\"wp-page\" data-elementor-id=\"7643\" class=\"elementor elementor-7643\">\n\t\t\t\t<div class=\"elementor-element elementor-element-5ca7917 e-flex e-con-boxed e-con e-parent\" data-id=\"5ca7917\" data-element_type=\"container\" data-e-type=\"container\">\n\t\t\t\t\t<div class=\"e-con-inner\">\n\t\t\t\t<div class=\"elementor-element elementor-element-c273313 elementor-invisible elementor-widget elementor-widget-moore_elementor_heading\" data-id=\"c273313\" data-element_type=\"widget\" data-e-type=\"widget\" data-settings=\"{&quot;_animation&quot;:&quot;fadeInDown&quot;}\" data-widget_type=\"moore_elementor_heading.default\">\n\t\t\t\t<div class=\"elementor-widget-container\">\n\t\t\t\t\t         <div class=\"ova-heading\">\n\n\t\t\t<h2 class=\"title\">DSGVO<\/h2>\n\t\t \t\n\t    <\/div>\n\t\t \t\n\t\t\t\t\t\t<\/div>\n\t\t\t\t<\/div>\n\t\t\t\t<div class=\"elementor-element elementor-element-cfd8446 elementor-widget elementor-widget-text-editor\" data-id=\"cfd8446\" data-element_type=\"widget\" data-e-type=\"widget\" data-widget_type=\"text-editor.default\">\n\t\t\t\t<div class=\"elementor-widget-container\">\n\t\t\t\t\t\t\t\t\t<p><strong>Information \u00fcber die Verarbeitung und Speicherung personenbezogener Daten<\/strong><\/p>\t\t\t\t\t\t\t\t<\/div>\n\t\t\t\t<\/div>\n\t\t\t\t<div class=\"elementor-element elementor-element-6b8ec76 elementor-widget elementor-widget-text-editor\" data-id=\"6b8ec76\" data-element_type=\"widget\" data-e-type=\"widget\" data-widget_type=\"text-editor.default\">\n\t\t\t\t<div class=\"elementor-widget-container\">\n\t\t\t\t\t\t\t\t\t<p>Sehr geehrte Damen und Herren,<\/p><p>im Zusammenhang mit der Einf\u00fchrung der Verordnung (EU) 2016\/679 des Europ\u00e4ischen Parlaments und des Rates vom 27. April 2016 zum Schutz nat\u00fcrlicher Personen bei der Verarbeitung personenbezogener Daten und zum freien Datenverkehr sowie zur Aufhebung der Richtlinie 95\/46\/EG (Datenschutz-Grundverordnung, auch DSGVO genannt) in Polen, informieren wir Sie hiermit, dass:<\/p><ul><li>Administrator Ihrer personenbezogenen Daten, also die Stelle, die \u00fcber die Zwecke und Mittel der Verarbeitung personenbezogener Daten entscheidet, ist Arteo Sp. z o.o. Design sp. k. mit Sitz in Warschau, Palisadowa 20\/22, im Folgenden als \u201eAdministrator\u201c oder \u201eArteo\u201c bezeichnet.<\/li><li>Die Kontaktdaten des Administrators: Palisadowa 20\/22, 01-940 Warschau, Telefon: 22 751 47 09, E-Mail: <a href=\"mailto:rodo@arteo.pl\">rodo@arteo.pl<\/a>.<\/li><li>Als rechtliche Grundlage f\u00fcr die Datenverarbeitung gilt Artikel 6 Abs. 1 Buchstabe b und f der DSGVO, d. h. zur Erf\u00fcllung eines Vertrages\/zur Zusammenarbeit (Buchstabe b) und im Rahmen eines berechtigten Interesses (Buchstabe f).<\/li><li>Die Bereitstellung der Daten ist freiwillig, aber notwendig, um die Zusammenarbeit zu realisieren. Eine Verweigerung der Datenangabe macht eine weitere Zusammenarbeit unm\u00f6glich.<\/li><li>Die personenbezogenen Daten werden nicht an die Drittpersonen weitergegeben. Als Ausnahme hiervon gelten durch die Rechtsvorschriften berechtigten Organe.<\/li><li>Sie haben das Recht, auf Ihre Daten zuzugreifen, diese zu berichtigen, zu vervollst\u00e4ndigen oder die Verarbeitung einzuschr\u00e4nken, sowie das Recht auf Daten\u00fcbertragbarkeit.<\/li><li>Sie haben das Recht, die Verarbeitung Ihrer Daten einzustellen oder deren Verarbeitung zu widersprechen, sowie das Recht, eine Klage bei der Aufsichtsbeh\u00f6rde, d.h. beim\u00a0Pr\u00e4sidenten\u00a0des\u00a0Amtes\u00a0f\u00fcr\u00a0Schutz\u00a0von\u00a0personenbezogenen Daten einzureichen.<\/li><\/ul><p>Wir informieren Sie, dass die Firma Arteo Ihre personenbezogenen Daten (Vorname, Nachname, Adresse, E-Mail-Adresse, Telefonnummer, NIP, REGON, Bankkontonummer und gegebenenfalls Registrierungsdaten) verarbeitet, um gesch\u00e4ftliche Kommunikation zu f\u00fchren, Rechnungen auszustellen und steuerrechtliche Verpflichtungen zu erf\u00fcllen, d. h. zur Aufbewahrung der Buchhaltungsunterlagen.<\/p><p>Die personenbezogenen Daten werden ununterbrochen im Laufe der Zusammenarbeit und nach deren Beendigung f\u00fcr den Zeitraum der Verj\u00e4hrung m\u00f6glicher Anspr\u00fcche, d.h. 3 Jahre, sowie in Bezug auf steuerrechtliche Verpflichtungen f\u00fcr einen Zeitraum von 6 Jahren verarbeitet.<\/p><p>Die Daten d\u00fcrfen ausschlie\u00dflich den befugten Mitarbeitern und Partnern von Arteo zur Durchf\u00fchrung Ihrer Auftr\u00e4ge zug\u00e4nglich gemacht werden.<\/p><p>Wir erkl\u00e4ren, dass Entscheidungen, die den Zweck der Datenverarbeitung betreffen, nicht automatisiert getroffen werden, dass die personenbezogenen Daten nicht profiliert werden und nicht an ein Drittland \u00fcbermittelt werden.<\/p><p>Wir betonen, dass der Schutz Ihrer Privatsph\u00e4re, einschlie\u00dflich Ihrer personenbezogenen Daten, eine unserer h\u00f6chsten Priorit\u00e4ten ist.<\/p><p>Mit freundlichen Gr\u00fc\u00dfen,<\/p><p>Die Gesch\u00e4ftsf\u00fchrung von Arteo<\/p>\t\t\t\t\t\t\t\t<\/div>\n\t\t\t\t<\/div>\n\t\t\t\t\t<\/div>\n\t\t\t\t<\/div>\n\t\t\t\t<\/div>\n\t\t","protected":false},"excerpt":{"rendered":"<p>DSGVO Information \u00fcber die Verarbeitung und Speicherung personenbezogener Daten Sehr geehrte Damen und Herren, im Zusammenhang mit der Einf\u00fchrung der Verordnung (EU) 2016\/679 des Europ\u00e4ischen Parlaments und des Rates vom 27. April 2016 zum Schutz nat\u00fcrlicher Personen bei der Verarbeitung personenbezogener Daten und zum freien Datenverkehr sowie zur Aufhebung der Richtlinie 95\/46\/EG (Datenschutz-Grundverordnung, auch DSGVO [&hellip;]<\/p>\n","protected":false},"author":1,"featured_media":0,"parent":0,"menu_order":0,"comment_status":"closed","ping_status":"closed","template":"elementor_header_footer","meta":{"footnotes":""},"class_list":["post-7643","page","type-page","status-publish","hentry"],"_links":{"self":[{"href":"https:\/\/arteo.pl\/index.php\/wp-json\/wp\/v2\/pages\/7643","targetHints":{"allow":["GET"]}}],"collection":[{"href":"https:\/\/arteo.pl\/index.php\/wp-json\/wp\/v2\/pages"}],"about":[{"href":"https:\/\/arteo.pl\/index.php\/wp-json\/wp\/v2\/types\/page"}],"author":[{"embeddable":true,"href":"https:\/\/arteo.pl\/index.php\/wp-json\/wp\/v2\/users\/1"}],"replies":[{"embeddable":true,"href":"https:\/\/arteo.pl\/index.php\/wp-json\/wp\/v2\/comments?post=7643"}],"version-history":[{"count":8,"href":"https:\/\/arteo.pl\/index.php\/wp-json\/wp\/v2\/pages\/7643\/revisions"}],"predecessor-version":[{"id":7763,"href":"https:\/\/arteo.pl\/index.php\/wp-json\/wp\/v2\/pages\/7643\/revisions\/7763"}],"wp:attachment":[{"href":"https:\/\/arteo.pl\/index.php\/wp-json\/wp\/v2\/media?parent=7643"}],"curies":[{"name":"wp","href":"https:\/\/api.w.org\/{rel}","templated":true}]}}