{"id":7733,"date":"2025-02-13T12:51:33","date_gmt":"2025-02-13T11:51:33","guid":{"rendered":"https:\/\/arteo.pl\/?page_id=7733"},"modified":"2025-02-13T12:58:33","modified_gmt":"2025-02-13T11:58:33","slug":"o-nas-en","status":"publish","type":"page","link":"https:\/\/arteo.pl\/index.php\/en\/o-nas-en\/","title":{"rendered":"O NAS EN"},"content":{"rendered":"\t\t<div data-elementor-type=\"wp-page\" data-elementor-id=\"7733\" class=\"elementor elementor-7733\">\n\t\t\t\t\t\t<section class=\"elementor-section elementor-top-section elementor-element elementor-element-e890eda elementor-section-boxed elementor-section-height-default elementor-section-height-default\" data-id=\"e890eda\" data-element_type=\"section\" data-e-type=\"section\">\n\t\t\t\t\t\t<div class=\"elementor-container elementor-column-gap-default\">\n\t\t\t\t\t<div class=\"elementor-column elementor-col-100 elementor-top-column elementor-element elementor-element-06c0780\" data-id=\"06c0780\" data-element_type=\"column\" data-e-type=\"column\">\n\t\t\t<div class=\"elementor-widget-wrap elementor-element-populated\">\n\t\t\t\t\t\t<div class=\"elementor-element elementor-element-ce62264 elementor-invisible elementor-widget elementor-widget-moore_elementor_heading\" data-id=\"ce62264\" data-element_type=\"widget\" data-e-type=\"widget\" data-settings=\"{&quot;_animation&quot;:&quot;fadeInDown&quot;}\" data-widget_type=\"moore_elementor_heading.default\">\n\t\t\t\t<div class=\"elementor-widget-container\">\n\t\t\t\t\t         <div class=\"ova-heading\">\n\n\t\t\t<h2 class=\"title\">About Us<\/h2>\n\t\t \t\n\t    <\/div>\n\t\t \t\n\t\t\t\t\t\t<\/div>\n\t\t\t\t<\/div>\n\t\t\t\t\t<\/div>\n\t\t<\/div>\n\t\t\t\t\t<\/div>\n\t\t<\/section>\n\t\t\t\t<section class=\"elementor-section elementor-top-section elementor-element elementor-element-cd57f59 elementor-section-boxed elementor-section-height-default elementor-section-height-default\" data-id=\"cd57f59\" data-element_type=\"section\" data-e-type=\"section\">\n\t\t\t\t\t\t<div class=\"elementor-container elementor-column-gap-default\">\n\t\t\t\t\t<div class=\"elementor-column elementor-col-100 elementor-top-column elementor-element elementor-element-db51203\" data-id=\"db51203\" data-element_type=\"column\" data-e-type=\"column\">\n\t\t\t<div class=\"elementor-widget-wrap elementor-element-populated\">\n\t\t\t\t\t\t<div class=\"elementor-element elementor-element-8aa8ddd elementor-widget elementor-widget-text-editor\" data-id=\"8aa8ddd\" data-element_type=\"widget\" data-e-type=\"widget\" data-widget_type=\"text-editor.default\">\n\t\t\t\t<div class=\"elementor-widget-container\">\n\t\t\t\t\t\t\t\t\t<p style=\"text-align: center;\" data-start=\"16\" data-end=\"346\">ARTEO has been in operation since 1998, specializing from the very beginning in interior design and industrial design at the intersection of construction and advertising. The full consolidation of our team took place between 2000 and 2001, when 3D designers joined forces with experts in interior design and material consulting.<\/p><p style=\"text-align: center;\" data-start=\"348\" data-end=\"524\" data-is-last-node=\"\">Today, Arteo Design is one of the companies within the ARTEO Group, continuing our commitment to innovative design, high-quality execution, and comprehensive project solutions.<\/p>\t\t\t\t\t\t\t\t<\/div>\n\t\t\t\t<\/div>\n\t\t\t\t\t<\/div>\n\t\t<\/div>\n\t\t\t\t\t<\/div>\n\t\t<\/section>\n\t\t\t\t<section class=\"elementor-section elementor-top-section elementor-element elementor-element-ae07998 elementor-section-boxed elementor-section-height-default elementor-section-height-default\" data-id=\"ae07998\" data-element_type=\"section\" data-e-type=\"section\">\n\t\t\t\t\t\t<div class=\"elementor-container elementor-column-gap-default\">\n\t\t\t\t\t<div class=\"elementor-column elementor-col-100 elementor-top-column elementor-element elementor-element-14914fb\" data-id=\"14914fb\" data-element_type=\"column\" data-e-type=\"column\">\n\t\t\t<div class=\"elementor-widget-wrap elementor-element-populated\">\n\t\t\t\t\t\t<div class=\"elementor-element elementor-element-d60ee2d elementor-widget__width-initial elementor-widget elementor-widget-moore_elementor_heading\" data-id=\"d60ee2d\" data-element_type=\"widget\" data-e-type=\"widget\" data-widget_type=\"moore_elementor_heading.default\">\n\t\t\t\t<div class=\"elementor-widget-container\">\n\t\t\t\t\t         <div class=\"ova-heading\">\n\n\t\t\t<h2 class=\"title\">Design &amp; Production Areas of Arteo:<\/h2>\n\t\t \t\n\t    <\/div>\n\t\t \t\n\t\t\t\t\t\t<\/div>\n\t\t\t\t<\/div>\n\t\t\t\t\t<\/div>\n\t\t<\/div>\n\t\t\t\t\t<\/div>\n\t\t<\/section>\n\t\t\t\t<section class=\"elementor-section elementor-top-section elementor-element elementor-element-c3b1c70 elementor-section-boxed elementor-section-height-default elementor-section-height-default\" data-id=\"c3b1c70\" data-element_type=\"section\" data-e-type=\"section\">\n\t\t\t\t\t\t<div class=\"elementor-container elementor-column-gap-default\">\n\t\t\t\t\t<div class=\"elementor-column elementor-col-33 elementor-top-column elementor-element elementor-element-f120b5c\" data-id=\"f120b5c\" data-element_type=\"column\" data-e-type=\"column\">\n\t\t\t<div class=\"elementor-widget-wrap elementor-element-populated\">\n\t\t\t\t\t\t<div class=\"elementor-element elementor-element-8ffdaf7 elementor-widget elementor-widget-moore_elementor_box_feature2\" data-id=\"8ffdaf7\" data-element_type=\"widget\" data-e-type=\"widget\" data-widget_type=\"moore_elementor_box_feature2.default\">\n\t\t\t\t<div class=\"elementor-widget-container\">\n\t\t\t\t\t        \t\t\t<div class=\"ova-box-feature2\">\n\n\t\t\t\t<div class=\"img\">\n\t\t\t\t\t<img decoding=\"async\" src=\"https:\/\/arteo.home.pl\/www_arteo_pl_2025\/wp-content\/uploads\/2025\/02\/Oznakowanie-zewnetrzne.jpg\" class=\"box-feature2-img\" alt=\"Design and Development:\">\n\n\t\t\t\t\t\n\t\t\t\t<\/div>\n              \n\t\t\t\t<div class=\"info\">\n\n\t\t\t\t\t\t\t\t\t\t\t<h2 class=\"title\">\n\t\t\t\t\t\t\t\tDesign and Development:\t\t\t\t\t\t<\/h2>\n\t\t\t\t\t                    \n\t\t\t\t\t\t\t\t\t\t\t<p  class=\"sub-title\">\n\t\t\t\t\t\t\tCAD Design, Technological Support.\t\t\t\t\t\t<\/p>\n\t\t\t\t\t\n\t\t\t\t<\/div>\n\n\t\t\t<\/div>\n\t\t  \t\n\t\t\t\t\t\t<\/div>\n\t\t\t\t<\/div>\n\t\t\t\t\t<\/div>\n\t\t<\/div>\n\t\t\t\t<div class=\"elementor-column elementor-col-33 elementor-top-column elementor-element elementor-element-7224fa1\" data-id=\"7224fa1\" data-element_type=\"column\" data-e-type=\"column\">\n\t\t\t<div class=\"elementor-widget-wrap elementor-element-populated\">\n\t\t\t\t\t\t<div class=\"elementor-element elementor-element-64cacb3 elementor-widget elementor-widget-moore_elementor_box_feature2\" data-id=\"64cacb3\" data-element_type=\"widget\" data-e-type=\"widget\" data-widget_type=\"moore_elementor_box_feature2.default\">\n\t\t\t\t<div class=\"elementor-widget-container\">\n\t\t\t\t\t        \t\t\t<div class=\"ova-box-feature2\">\n\n\t\t\t\t<div class=\"img\">\n\t\t\t\t\t<img decoding=\"async\" src=\"https:\/\/arteo.home.pl\/www_arteo_pl_2025\/wp-content\/uploads\/2025\/02\/obrobka_metali.jpg\" class=\"box-feature2-img\" alt=\"Metal Processing\">\n\n\t\t\t\t\t\n\t\t\t\t<\/div>\n              \n\t\t\t\t<div class=\"info\">\n\n\t\t\t\t\t\t\t\t\t\t\t<h2 class=\"title\">\n\t\t\t\t\t\t\t\tMetal Processing\t\t\t\t\t\t<\/h2>\n\t\t\t\t\t                    \n\t\t\t\t\t\t\t\t\t\t\t<p  class=\"sub-title\">\n\t\t\t\t\t\t\tEstimated production capacity: 199 tons per year. Cutting (Amada laser), welding, painting (powder coating, spray painting), and anodizing. All our machines are systematically upgraded.\t\t\t\t\t\t<\/p>\n\t\t\t\t\t\n\t\t\t\t<\/div>\n\n\t\t\t<\/div>\n\t\t  \t\n\t\t\t\t\t\t<\/div>\n\t\t\t\t<\/div>\n\t\t\t\t\t<\/div>\n\t\t<\/div>\n\t\t\t\t<div class=\"elementor-column elementor-col-33 elementor-top-column elementor-element elementor-element-982a0d1\" data-id=\"982a0d1\" data-element_type=\"column\" data-e-type=\"column\">\n\t\t\t<div class=\"elementor-widget-wrap elementor-element-populated\">\n\t\t\t\t\t\t<div class=\"elementor-element elementor-element-d257f05 elementor-widget elementor-widget-moore_elementor_box_feature2\" data-id=\"d257f05\" data-element_type=\"widget\" data-e-type=\"widget\" data-widget_type=\"moore_elementor_box_feature2.default\">\n\t\t\t\t<div class=\"elementor-widget-container\">\n\t\t\t\t\t        \t\t\t<div class=\"ova-box-feature2\">\n\n\t\t\t\t<div class=\"img\">\n\t\t\t\t\t<img decoding=\"async\" src=\"https:\/\/arteo.home.pl\/www_arteo_pl_2025\/wp-content\/uploads\/2025\/02\/obrobka_tworyzw.jpg\" class=\"box-feature2-img\" alt=\"Plastics processing:\">\n\n\t\t\t\t\t\n\t\t\t\t<\/div>\n              \n\t\t\t\t<div class=\"info\">\n\n\t\t\t\t\t\t\t\t\t\t\t<h2 class=\"title\">\n\t\t\t\t\t\t\t\tPlastics processing:\t\t\t\t\t\t<\/h2>\n\t\t\t\t\t                    \n\t\t\t\t\t\t\t\t\t\t\t<p  class=\"sub-title\">\n\t\t\t\t\t\t\tEstimated production capacity of 120 tons per year. Cutting, milling (numerical milling), gluing, laminating, painting.\t\t\t\t\t\t<\/p>\n\t\t\t\t\t\n\t\t\t\t<\/div>\n\n\t\t\t<\/div>\n\t\t  \t\n\t\t\t\t\t\t<\/div>\n\t\t\t\t<\/div>\n\t\t\t\t\t<\/div>\n\t\t<\/div>\n\t\t\t\t\t<\/div>\n\t\t<\/section>\n\t\t\t\t<section class=\"elementor-section elementor-top-section elementor-element elementor-element-c0f28b2 elementor-section-boxed elementor-section-height-default elementor-section-height-default\" data-id=\"c0f28b2\" data-element_type=\"section\" data-e-type=\"section\">\n\t\t\t\t\t\t<div class=\"elementor-container elementor-column-gap-default\">\n\t\t\t\t\t<div class=\"elementor-column elementor-col-33 elementor-top-column elementor-element elementor-element-eb23163\" data-id=\"eb23163\" data-element_type=\"column\" data-e-type=\"column\">\n\t\t\t<div class=\"elementor-widget-wrap elementor-element-populated\">\n\t\t\t\t\t\t<div class=\"elementor-element elementor-element-5a5e587 elementor-widget elementor-widget-moore_elementor_box_feature2\" data-id=\"5a5e587\" data-element_type=\"widget\" data-e-type=\"widget\" data-widget_type=\"moore_elementor_box_feature2.default\">\n\t\t\t\t<div class=\"elementor-widget-container\">\n\t\t\t\t\t        \t\t\t<div class=\"ova-box-feature2\">\n\n\t\t\t\t<div class=\"img\">\n\t\t\t\t\t<img decoding=\"async\" src=\"https:\/\/arteo.home.pl\/www_arteo_pl_2025\/wp-content\/uploads\/2025\/02\/obrobka_drewno.jpg\" class=\"box-feature2-img\" alt=\"Wood processing:\">\n\n\t\t\t\t\t\n\t\t\t\t<\/div>\n              \n\t\t\t\t<div class=\"info\">\n\n\t\t\t\t\t\t\t\t\t\t\t<h2 class=\"title\">\n\t\t\t\t\t\t\t\tWood processing:\t\t\t\t\t\t<\/h2>\n\t\t\t\t\t                    \n\t\t\t\t\t\t\t\t\t\t\t<p  class=\"sub-title\">\n\t\t\t\t\t\t\tSzacunkowa wydajno\u015b\u0107 produkcji 120 ton rocznie. Ci\u0119cie, frezowanie (frezowanie numeryczne), klejenie, laminowanie, malowanie.\t\t\t\t\t\t<\/p>\n\t\t\t\t\t\n\t\t\t\t<\/div>\n\n\t\t\t<\/div>\n\t\t  \t\n\t\t\t\t\t\t<\/div>\n\t\t\t\t<\/div>\n\t\t\t\t\t<\/div>\n\t\t<\/div>\n\t\t\t\t<div class=\"elementor-column elementor-col-33 elementor-top-column elementor-element elementor-element-bf54d61\" data-id=\"bf54d61\" data-element_type=\"column\" data-e-type=\"column\">\n\t\t\t<div class=\"elementor-widget-wrap elementor-element-populated\">\n\t\t\t\t\t\t<div class=\"elementor-element elementor-element-9635118 elementor-widget elementor-widget-moore_elementor_box_feature2\" data-id=\"9635118\" data-element_type=\"widget\" data-e-type=\"widget\" data-widget_type=\"moore_elementor_box_feature2.default\">\n\t\t\t\t<div class=\"elementor-widget-container\">\n\t\t\t\t\t        \t\t\t<div class=\"ova-box-feature2\">\n\n\t\t\t\t<div class=\"img\">\n\t\t\t\t\t<img decoding=\"async\" src=\"https:\/\/arteo.home.pl\/www_arteo_pl_2025\/wp-content\/uploads\/2025\/02\/druk_solvent.jpg\" class=\"box-feature2-img\" alt=\"Printing:\">\n\n\t\t\t\t\t\n\t\t\t\t<\/div>\n              \n\t\t\t\t<div class=\"info\">\n\n\t\t\t\t\t\t\t\t\t\t\t<h2 class=\"title\">\n\t\t\t\t\t\t\t\tPrinting:\t\t\t\t\t\t<\/h2>\n\t\t\t\t\t                    \n\t\t\t\t\t\t\t\t\t\t\t<p  class=\"sub-title\">\n\t\t\t\t\t\t\tEstimated production capacity: 3,400 m\u00b2 per year. Screen printing, offset printing, solvent printing, UV printing.\t\t\t\t\t\t<\/p>\n\t\t\t\t\t\n\t\t\t\t<\/div>\n\n\t\t\t<\/div>\n\t\t  \t\n\t\t\t\t\t\t<\/div>\n\t\t\t\t<\/div>\n\t\t\t\t\t<\/div>\n\t\t<\/div>\n\t\t\t\t<div class=\"elementor-column elementor-col-33 elementor-top-column elementor-element elementor-element-e2c675c\" data-id=\"e2c675c\" data-element_type=\"column\" data-e-type=\"column\">\n\t\t\t<div class=\"elementor-widget-wrap elementor-element-populated\">\n\t\t\t\t\t\t<div class=\"elementor-element elementor-element-9113e3c elementor-widget elementor-widget-moore_elementor_box_feature2\" data-id=\"9113e3c\" data-element_type=\"widget\" data-e-type=\"widget\" data-widget_type=\"moore_elementor_box_feature2.default\">\n\t\t\t\t<div class=\"elementor-widget-container\">\n\t\t\t\t\t        \t\t\t<div class=\"ova-box-feature2\">\n\n\t\t\t\t<div class=\"img\">\n\t\t\t\t\t<img decoding=\"async\" src=\"https:\/\/arteo.home.pl\/www_arteo_pl_2025\/wp-content\/uploads\/2025\/02\/instalacje_elektryczne.jpg\" class=\"box-feature2-img\" alt=\"Electrical installations:\">\n\n\t\t\t\t\t\n\t\t\t\t<\/div>\n              \n\t\t\t\t<div class=\"info\">\n\n\t\t\t\t\t\t\t\t\t\t\t<h2 class=\"title\">\n\t\t\t\t\t\t\t\tElectrical installations:\t\t\t\t\t\t<\/h2>\n\t\t\t\t\t                    \n\t\t\t\t\t\t\t\t\t\t\t<p  class=\"sub-title\">\n\t\t\t\t\t\t\tEstimated production capacity: 76 km per year. Neon signs, LED, assembly of electronic modules.\t\t\t\t\t\t<\/p>\n\t\t\t\t\t\n\t\t\t\t<\/div>\n\n\t\t\t<\/div>\n\t\t  \t\n\t\t\t\t\t\t<\/div>\n\t\t\t\t<\/div>\n\t\t\t\t\t<\/div>\n\t\t<\/div>\n\t\t\t\t\t<\/div>\n\t\t<\/section>\n\t\t\t\t<section class=\"elementor-section elementor-top-section elementor-element elementor-element-662a970 elementor-section-boxed elementor-section-height-default elementor-section-height-default\" data-id=\"662a970\" data-element_type=\"section\" data-e-type=\"section\" data-settings=\"{&quot;background_background&quot;:&quot;classic&quot;}\">\n\t\t\t\t\t\t<div class=\"elementor-container elementor-column-gap-default\">\n\t\t\t\t\t<div class=\"elementor-column elementor-col-100 elementor-top-column elementor-element elementor-element-261521e\" data-id=\"261521e\" data-element_type=\"column\" data-e-type=\"column\">\n\t\t\t<div class=\"elementor-widget-wrap elementor-element-populated\">\n\t\t\t\t\t\t<div class=\"elementor-element elementor-element-d92646d elementor-widget__width-initial elementor-widget elementor-widget-moore_elementor_heading\" data-id=\"d92646d\" data-element_type=\"widget\" data-e-type=\"widget\" data-widget_type=\"moore_elementor_heading.default\">\n\t\t\t\t<div class=\"elementor-widget-container\">\n\t\t\t\t\t         <div class=\"ova-heading\">\n\n\t\t\t<h2 class=\"title\">COMPANIES FROM THE GROUP<\/h2>\n\t\t \t\n\t    <\/div>\n\t\t \t\n\t\t\t\t\t\t<\/div>\n\t\t\t\t<\/div>\n\t\t\t\t\t<\/div>\n\t\t<\/div>\n\t\t\t\t\t<\/div>\n\t\t<\/section>\n\t\t\t\t<section class=\"elementor-section elementor-top-section elementor-element elementor-element-9233950 elementor-section-boxed elementor-section-height-default elementor-section-height-default\" data-id=\"9233950\" data-element_type=\"section\" data-e-type=\"section\">\n\t\t\t\t\t\t<div class=\"elementor-container elementor-column-gap-default\">\n\t\t\t\t\t<div class=\"elementor-column elementor-col-33 elementor-top-column elementor-element elementor-element-a4a2ca2\" data-id=\"a4a2ca2\" data-element_type=\"column\" data-e-type=\"column\">\n\t\t\t<div class=\"elementor-widget-wrap elementor-element-populated\">\n\t\t\t\t\t\t<div class=\"elementor-element elementor-element-fddcf81 elementor-widget elementor-widget-image\" data-id=\"fddcf81\" data-element_type=\"widget\" data-e-type=\"widget\" data-widget_type=\"image.default\">\n\t\t\t\t<div class=\"elementor-widget-container\">\n\t\t\t\t\t\t\t\t\t\t\t\t\t\t\t\t<a href=\"http:\/\/www.arteointeriors.pl\">\n\t\t\t\t\t\t\t<img decoding=\"async\" width=\"150\" height=\"150\" src=\"https:\/\/arteo.pl\/wp-content\/uploads\/2021\/10\/ARTEO_INTERIOR_logo_ok.jpg\" class=\"attachment-thumbnail size-thumbnail wp-image-6843\" alt=\"\" \/>\t\t\t\t\t\t\t\t<\/a>\n\t\t\t\t\t\t\t\t\t\t\t\t\t\t\t<\/div>\n\t\t\t\t<\/div>\n\t\t\t\t\t<\/div>\n\t\t<\/div>\n\t\t\t\t<div class=\"elementor-column elementor-col-33 elementor-top-column elementor-element elementor-element-491851c\" data-id=\"491851c\" data-element_type=\"column\" data-e-type=\"column\">\n\t\t\t<div class=\"elementor-widget-wrap elementor-element-populated\">\n\t\t\t\t\t\t<div class=\"elementor-element elementor-element-22652f8 elementor-widget elementor-widget-image\" data-id=\"22652f8\" data-element_type=\"widget\" data-e-type=\"widget\" data-widget_type=\"image.default\">\n\t\t\t\t<div class=\"elementor-widget-container\">\n\t\t\t\t\t\t\t\t\t\t\t\t\t\t\t\t<a href=\"https:\/\/arteodevelopment.pl\">\n\t\t\t\t\t\t\t<img decoding=\"async\" width=\"150\" height=\"150\" src=\"https:\/\/arteo.pl\/wp-content\/uploads\/2021\/10\/ARTEO_logo_D.jpg\" class=\"attachment-thumbnail size-thumbnail wp-image-6531\" alt=\"\" \/>\t\t\t\t\t\t\t\t<\/a>\n\t\t\t\t\t\t\t\t\t\t\t\t\t\t\t<\/div>\n\t\t\t\t<\/div>\n\t\t\t\t\t<\/div>\n\t\t<\/div>\n\t\t\t\t<div class=\"elementor-column elementor-col-33 elementor-top-column elementor-element elementor-element-f06d96f\" data-id=\"f06d96f\" data-element_type=\"column\" data-e-type=\"column\">\n\t\t\t<div class=\"elementor-widget-wrap elementor-element-populated\">\n\t\t\t\t\t\t<div class=\"elementor-element elementor-element-7b37122 elementor-widget elementor-widget-image\" data-id=\"7b37122\" data-element_type=\"widget\" data-e-type=\"widget\" data-widget_type=\"image.default\">\n\t\t\t\t<div class=\"elementor-widget-container\">\n\t\t\t\t\t\t\t\t\t\t\t\t\t\t\t\t<a href=\"https:\/\/arteomedservice.pl\/pl\/\">\n\t\t\t\t\t\t\t<img decoding=\"async\" width=\"150\" height=\"150\" src=\"https:\/\/arteo.pl\/wp-content\/uploads\/2021\/10\/MedService.jpg\" class=\"attachment-thumbnail size-thumbnail wp-image-6532\" alt=\"\" \/>\t\t\t\t\t\t\t\t<\/a>\n\t\t\t\t\t\t\t\t\t\t\t\t\t\t\t<\/div>\n\t\t\t\t<\/div>\n\t\t\t\t\t<\/div>\n\t\t<\/div>\n\t\t\t\t\t<\/div>\n\t\t<\/section>\n\t\t\t\t<\/div>\n\t\t","protected":false},"excerpt":{"rendered":"<p>About Us ARTEO has been in operation since 1998, specializing from the very beginning in interior design and industrial design at the intersection of construction and advertising. The full consolidation of our team took place between 2000 and 2001, when 3D designers joined forces with experts in interior design and material consulting. Today, Arteo Design [&hellip;]<\/p>\n","protected":false},"author":1,"featured_media":0,"parent":0,"menu_order":0,"comment_status":"closed","ping_status":"closed","template":"elementor_header_footer","meta":{"footnotes":""},"class_list":["post-7733","page","type-page","status-publish","hentry"],"_links":{"self":[{"href":"https:\/\/arteo.pl\/index.php\/wp-json\/wp\/v2\/pages\/7733","targetHints":{"allow":["GET"]}}],"collection":[{"href":"https:\/\/arteo.pl\/index.php\/wp-json\/wp\/v2\/pages"}],"about":[{"href":"https:\/\/arteo.pl\/index.php\/wp-json\/wp\/v2\/types\/page"}],"author":[{"embeddable":true,"href":"https:\/\/arteo.pl\/index.php\/wp-json\/wp\/v2\/users\/1"}],"replies":[{"embeddable":true,"href":"https:\/\/arteo.pl\/index.php\/wp-json\/wp\/v2\/comments?post=7733"}],"version-history":[{"count":4,"href":"https:\/\/arteo.pl\/index.php\/wp-json\/wp\/v2\/pages\/7733\/revisions"}],"predecessor-version":[{"id":7737,"href":"https:\/\/arteo.pl\/index.php\/wp-json\/wp\/v2\/pages\/7733\/revisions\/7737"}],"wp:attachment":[{"href":"https:\/\/arteo.pl\/index.php\/wp-json\/wp\/v2\/media?parent=7733"}],"curies":[{"name":"wp","href":"https:\/\/api.w.org\/{rel}","templated":true}]}}